{"id":12,"date":"2017-06-30T15:15:35","date_gmt":"2017-06-30T13:15:35","guid":{"rendered":"http:\/\/praxis-petra-keller.de\/?page_id=12"},"modified":"2018-01-02T11:29:55","modified_gmt":"2018-01-02T09:29:55","slug":"art-australische-regenerative-tiefenentspannung","status":"publish","type":"page","link":"https:\/\/praxis-petra-keller.de\/?page_id=12","title":{"rendered":"ArT"},"content":{"rendered":"<p>Bei der Australischen regernativen Tiefenentspannung (<span style=\"color: #ff0000;\">ArT<\/span>) werden Impulse an den K\u00f6rperstellen gegeben, an denen sich Akupunkturpunkte befinden, Meridiane verlaufen und wo die Faszien stark ausgepr\u00e4gt sind. Die Punkte werden mit Daumen und Zeigefinger stimuliert.<\/p>\n<p>Diese Impulse wirken auf die Meridiane und unterst\u00fctzen wirkungsvoll die Aktivierung der Selbstheilungskr\u00e4fte des K\u00f6rpers &#8211; unabh\u00e4ngig vom Alter des Klienten. Die Australische regenerative Tiefenentspannung (<span style=\"color: #ff0000;\">ArT<\/span>) z\u00e4hlt zu den ganzheitlichen Verfahren. Die ganzheitliche Behandlung bezieht sich auf Mensch und Tier als Ganzes.<\/p>\n<p>Durch die Australische regenerative Tiefenentspannung (<span style=\"color: #ff0000;\">ArT<\/span>) k\u00f6nnen physische und psychosomatische Symptome, Schmerzen und Ersch\u00f6pfungszust\u00e4nde sowie negative Stressreaktionen positiv beeinflusst werden. Die Methode tr\u00e4gt zur Steierung des bei allgemeinen Wohlbefindens bei und dient der Gesunderhaltung.<\/p>\n<p><span style=\"color: #ff0000;\">ArT <span style=\"color: #000000;\">i<span style=\"color: #333333;\">st ein besonders wirksames Entspannungsverfahren, durch das Blockaden gel\u00f6st werden k\u00f6nnen, die vorher zu Spannungen in Geist, Seele und K\u00f6rper gef\u00fchrt haben.<\/span><\/span><\/span><\/p>\n<p>&nbsp;<\/p>\n<p><span style=\"color: #333333;\">Dieser ganzheitliche Ansatz unterst\u00fctzt die nat\u00fcrliche Vitalisierung und Regeneration und dient damit der Gesunderhaltung.<span style=\"color: #ff0000;\"> ArT<\/span> kann deshalb auch begleitend zu anderen medizinischen Ma\u00dfnahmen und erst recht bei chronischen Beschwerden angewendet werden.<\/span><\/p>\n<p><span style=\"color: #333333;\">Unbewegliches wird beweglich, die Stimung erhellt, K\u00f6rper, Geist und Seele werden frei!<\/span><\/p>\n<p><a href=\"http:\/\/praxis-petra-keller.de\/wp-f9cb0-content\/uploads\/2017\/06\/ArT-Logo-final.jpg\"><img loading=\"lazy\" class=\"alignright wp-image-13\" src=\"http:\/\/praxis-petra-keller.de\/wp-f9cb0-content\/uploads\/2017\/06\/ArT-Logo-final-300x276.jpg\" alt=\"\" width=\"106\" height=\"97\" srcset=\"https:\/\/praxis-petra-keller.de\/wp-f9cb0-content\/uploads\/2017\/06\/ArT-Logo-final-300x276.jpg 300w, https:\/\/praxis-petra-keller.de\/wp-f9cb0-content\/uploads\/2017\/06\/ArT-Logo-final-768x706.jpg 768w, https:\/\/praxis-petra-keller.de\/wp-f9cb0-content\/uploads\/2017\/06\/ArT-Logo-final-1024x941.jpg 1024w, https:\/\/praxis-petra-keller.de\/wp-f9cb0-content\/uploads\/2017\/06\/ArT-Logo-final.jpg 1499w\" sizes=\"(max-width: 106px) 100vw, 106px\" \/><\/a>F\u00fcr wen ist<span style=\"color: #ff0000;\"> ArT <span style=\"color: #000000;\">geeignet?<\/span><\/span><\/p>\n<p>F\u00fcr alle, die ihre Leistungsf\u00e4higkeit auf nat\u00fcrliche Weise erhalten oder wieder herstellen m\u00f6chte. Eine Altersbeschr\u00e4nkung gibt es nicht. <span style=\"color: #ff0000;\">ArT<span style=\"color: #000000;\"> kann auch begleitend zu anderen schulmedizinischen Ma\u00dfnahmen sowie bei chronischen Beschwerden angewendet werden.<\/span><\/span><\/p>\n","protected":false},"excerpt":{"rendered":"<p>Bei der Australischen regernativen Tiefenentspannung (ArT) werden Impulse an den K\u00f6rperstellen gegeben, an denen sich Akupunkturpunkte befinden, Meridiane verlaufen und wo die Faszien stark ausgepr\u00e4gt sind. Die Punkte werden mit Daumen und Zeigefinger stimuliert. Diese Impulse wirken auf die Meridiane und unterst\u00fctzen wirkungsvoll die Aktivierung der Selbstheilungskr\u00e4fte des K\u00f6rpers &#8211; unabh\u00e4ngig vom Alter des Klienten. [&hellip;]<\/p>\n","protected":false},"author":1,"featured_media":0,"parent":0,"menu_order":3,"comment_status":"closed","ping_status":"closed","template":"","meta":[],"_links":{"self":[{"href":"https:\/\/praxis-petra-keller.de\/index.php?rest_route=\/wp\/v2\/pages\/12"}],"collection":[{"href":"https:\/\/praxis-petra-keller.de\/index.php?rest_route=\/wp\/v2\/pages"}],"about":[{"href":"https:\/\/praxis-petra-keller.de\/index.php?rest_route=\/wp\/v2\/types\/page"}],"author":[{"embeddable":true,"href":"https:\/\/praxis-petra-keller.de\/index.php?rest_route=\/wp\/v2\/users\/1"}],"replies":[{"embeddable":true,"href":"https:\/\/praxis-petra-keller.de\/index.php?rest_route=%2Fwp%2Fv2%2Fcomments&post=12"}],"version-history":[{"count":10,"href":"https:\/\/praxis-petra-keller.de\/index.php?rest_route=\/wp\/v2\/pages\/12\/revisions"}],"predecessor-version":[{"id":151,"href":"https:\/\/praxis-petra-keller.de\/index.php?rest_route=\/wp\/v2\/pages\/12\/revisions\/151"}],"wp:attachment":[{"href":"https:\/\/praxis-petra-keller.de\/index.php?rest_route=%2Fwp%2Fv2%2Fmedia&parent=12"}],"curies":[{"name":"wp","href":"https:\/\/api.w.org\/{rel}","templated":true}]}}