{"id":130,"date":"2017-12-28T19:50:47","date_gmt":"2017-12-28T17:50:47","guid":{"rendered":"http:\/\/praxis-petra-keller.de\/?page_id=130"},"modified":"2020-05-23T22:06:56","modified_gmt":"2020-05-23T20:06:56","slug":"homoepathie","status":"publish","type":"page","link":"https:\/\/praxis-petra-keller.de\/?page_id=130","title":{"rendered":"Hom\u00f6opathie"},"content":{"rendered":"<div id=\"FormContainerBasis\" class=\"FormContainer Open\">\n<div class=\"Fliesstext WBForm clearfix\">\n<h1 class=\"Serif\">Was ist\u00a0 <strong>Hom\u00f6opathie?<\/strong><\/h1>\n<p>Der Begr\u00fcnder der Hom\u00f6opathie ist der deutsche Arzt, Apotheker und Chemiker Samuel Hahnemann. Er fand in Selbstversuchen heraus, dass Substanzen, die nur gesunden Menschen gegeben werden, bestimmte Symptome hervorrufen, die nur f\u00fcr den jeweilig speziellen Stoff typisch sind. Daraus folgerte er, dass Stoffe, die bei gesunden Menschen bestimmte Krankheitserscheinungen hervorrufen &#8211; in verd\u00fcnnter Form verabreicht &#8211; , bei Kranken mit \u00e4hnlichen Symptomen eine Anregung zur Selbstheilung geben.<\/p>\n<p>Das <strong>Prinzip der Hom\u00f6opathie<\/strong> lautet also: Similia similibus curentur &#8211; \u00c4hnliches heilt \u00c4hnliches. Als Beispiel sei eine Erk\u00e4ltung mit rotem Kopf, Hitze und wenig Durst angef\u00fchrt. Ein Mittel, in diesem Fall Belladonna &#8211; die giftige Tollkirsche -, w\u00fcrde bei einem gesunden Menschen ebenfalls einen roten Kopf, Hitze und wenig Durst hervorrufen. Trifft dieses &#8211; durch ein spezielles Verfahren ver\u00e4nderte &#8211; Mittel auf einen kranken Menschen und sind die Symptome seiner Krankheit (z. B. Erk\u00e4ltung mit Hitze, rotem Kopf und wenig Durst) denen des Mittels sehr \u00e4hnlich, wird sein K\u00f6rper durch dieses Mittel zur Heilung angeregt.<\/p>\n<p>Wir leben in einer Zeit voller Leistungsdruck, in der ein deutliches Anwachsen psychischer und psychosomatischer Krankheiten zu beobachten ist.<\/p>\n<p>Insbesonders bei depressiven St\u00f6rungen und\/oder Angsterkrankungen kann die Hom\u00f6opathie unterst\u00fctzend wirken.<\/p>\n<\/div>\n<\/div>\n","protected":false},"excerpt":{"rendered":"<p>Was ist\u00a0 Hom\u00f6opathie? Der Begr\u00fcnder der Hom\u00f6opathie ist der deutsche Arzt, Apotheker und Chemiker Samuel Hahnemann. Er fand in Selbstversuchen heraus, dass Substanzen, die nur gesunden Menschen gegeben werden, bestimmte Symptome hervorrufen, die nur f\u00fcr den jeweilig speziellen Stoff typisch sind. Daraus folgerte er, dass Stoffe, die bei gesunden Menschen bestimmte Krankheitserscheinungen hervorrufen &#8211; in [&hellip;]<\/p>\n","protected":false},"author":1,"featured_media":0,"parent":0,"menu_order":0,"comment_status":"closed","ping_status":"closed","template":"","meta":[],"_links":{"self":[{"href":"https:\/\/praxis-petra-keller.de\/index.php?rest_route=\/wp\/v2\/pages\/130"}],"collection":[{"href":"https:\/\/praxis-petra-keller.de\/index.php?rest_route=\/wp\/v2\/pages"}],"about":[{"href":"https:\/\/praxis-petra-keller.de\/index.php?rest_route=\/wp\/v2\/types\/page"}],"author":[{"embeddable":true,"href":"https:\/\/praxis-petra-keller.de\/index.php?rest_route=\/wp\/v2\/users\/1"}],"replies":[{"embeddable":true,"href":"https:\/\/praxis-petra-keller.de\/index.php?rest_route=%2Fwp%2Fv2%2Fcomments&post=130"}],"version-history":[{"count":6,"href":"https:\/\/praxis-petra-keller.de\/index.php?rest_route=\/wp\/v2\/pages\/130\/revisions"}],"predecessor-version":[{"id":190,"href":"https:\/\/praxis-petra-keller.de\/index.php?rest_route=\/wp\/v2\/pages\/130\/revisions\/190"}],"wp:attachment":[{"href":"https:\/\/praxis-petra-keller.de\/index.php?rest_route=%2Fwp%2Fv2%2Fmedia&parent=130"}],"curies":[{"name":"wp","href":"https:\/\/api.w.org\/{rel}","templated":true}]}}