{"id":18,"date":"2017-12-25T15:50:52","date_gmt":"2017-12-25T13:50:52","guid":{"rendered":"http:\/\/praxis-petra-keller.de\/?page_id=18"},"modified":"2020-07-01T10:24:52","modified_gmt":"2020-07-01T08:24:52","slug":"ueber-mich","status":"publish","type":"page","link":"https:\/\/praxis-petra-keller.de\/?page_id=18","title":{"rendered":"\u00dcber mich"},"content":{"rendered":"<p>Guten Tag!<img loading=\"lazy\" class=\"wp-image-194 alignright\" src=\"http:\/\/praxis-petra-keller.de\/wp-f9cb0-content\/uploads\/2017\/12\/Petra_Sacko-300x300.jpg\" alt=\"\" width=\"217\" height=\"217\" srcset=\"https:\/\/praxis-petra-keller.de\/wp-f9cb0-content\/uploads\/2017\/12\/Petra_Sacko-300x300.jpg 300w, https:\/\/praxis-petra-keller.de\/wp-f9cb0-content\/uploads\/2017\/12\/Petra_Sacko-150x150.jpg 150w, https:\/\/praxis-petra-keller.de\/wp-f9cb0-content\/uploads\/2017\/12\/Petra_Sacko-768x768.jpg 768w, https:\/\/praxis-petra-keller.de\/wp-f9cb0-content\/uploads\/2017\/12\/Petra_Sacko-1024x1024.jpg 1024w, https:\/\/praxis-petra-keller.de\/wp-f9cb0-content\/uploads\/2017\/12\/Petra_Sacko-624x624.jpg 624w, https:\/\/praxis-petra-keller.de\/wp-f9cb0-content\/uploads\/2017\/12\/Petra_Sacko.jpg 2047w\" sizes=\"(max-width: 217px) 100vw, 217px\" \/><\/p>\n<p>Sch\u00f6n, dass Sie mich auf meiner Seite besuchen kommen. Gerne stelle ich mich Ihnen kurz vor:<\/p>\n<p>Ich hei\u00dfe Petra Keller, lebe in\u00a0 Freienseen in dem wundersch\u00f6nen Vogelsberg,\u00a0 bin verheiratet und habe zwei wunderbare Kinder.<\/p>\n<p>Vor ein paar Jahren bin ich mit meinem Leben an den Punkt gekommen, an dem ich feststellen durfte, dass es nun an der Zeit ist, mir meinen beruflichen Wunsch endlich zu erf\u00fcllen.<\/p>\n<p>Deswegen habe ich mich 2015 bei dem Ausbildungsinstitut Paracelsus mit Standort in Gie\u00dfen eingeschrieben und dort mit dem Studium zum Psychologischen Berater begonnen und diesen auch im Febr. 2017 erlangt.<\/p>\n<p>Nach einer intensiven Pr\u00fcfungsvorbereitung habe ich im November 2017 meine Erlaubnisurkunde zum Heilpraktiker f\u00fcr Psychotherapie durch die Amts\u00e4rztin in Gie\u00dfen \u00fcberreicht bekommen.<\/p>\n<p><strong>Es ist nie zu sp\u00e4t, etwas Neues zu beginnen!<\/strong><\/p>\n<p><strong>Nun bin ich Heilpraktikerin f\u00fcr Psychotherapie,<\/strong><\/p>\n<p><strong>Hypnosetherapeutin,<\/strong><\/p>\n<p><strong>ArT-Praktikerin,<\/strong><\/p>\n<p><strong>Kinder- Jugend- und Familientherapeutin.<\/strong><\/p>\n<p>Ich habe eine Ausbildung in<strong> Hom\u00f6opathie<\/strong> und wende diese unterst\u00fctzend und erfolgreich bei meiner Arbeit an.<\/p>\n<p>&nbsp;<\/p>\n<p>Sollten Sie Fragen zu meiner Arbeit haben, z\u00f6gern Sie nich mich zu kontaktieren,<\/p>\n<p>Ich freue mich schon Sie kennenzulernen.<\/p>\n<p>Herzliche Gr\u00fc\u00dfe<\/p>\n<p>Petra Keller<\/p>\n","protected":false},"excerpt":{"rendered":"<p>Guten Tag! Sch\u00f6n, dass Sie mich auf meiner Seite besuchen kommen. Gerne stelle ich mich Ihnen kurz vor: Ich hei\u00dfe Petra Keller, lebe in\u00a0 Freienseen in dem wundersch\u00f6nen Vogelsberg,\u00a0 bin verheiratet und habe zwei wunderbare Kinder. Vor ein paar Jahren bin ich mit meinem Leben an den Punkt gekommen, an dem ich feststellen durfte, dass [&hellip;]<\/p>\n","protected":false},"author":1,"featured_media":0,"parent":0,"menu_order":2,"comment_status":"closed","ping_status":"closed","template":"","meta":[],"_links":{"self":[{"href":"https:\/\/praxis-petra-keller.de\/index.php?rest_route=\/wp\/v2\/pages\/18"}],"collection":[{"href":"https:\/\/praxis-petra-keller.de\/index.php?rest_route=\/wp\/v2\/pages"}],"about":[{"href":"https:\/\/praxis-petra-keller.de\/index.php?rest_route=\/wp\/v2\/types\/page"}],"author":[{"embeddable":true,"href":"https:\/\/praxis-petra-keller.de\/index.php?rest_route=\/wp\/v2\/users\/1"}],"replies":[{"embeddable":true,"href":"https:\/\/praxis-petra-keller.de\/index.php?rest_route=%2Fwp%2Fv2%2Fcomments&post=18"}],"version-history":[{"count":13,"href":"https:\/\/praxis-petra-keller.de\/index.php?rest_route=\/wp\/v2\/pages\/18\/revisions"}],"predecessor-version":[{"id":195,"href":"https:\/\/praxis-petra-keller.de\/index.php?rest_route=\/wp\/v2\/pages\/18\/revisions\/195"}],"wp:attachment":[{"href":"https:\/\/praxis-petra-keller.de\/index.php?rest_route=%2Fwp%2Fv2%2Fmedia&parent=18"}],"curies":[{"name":"wp","href":"https:\/\/api.w.org\/{rel}","templated":true}]}}