{"id":26,"date":"2017-12-25T15:50:40","date_gmt":"2017-12-25T13:50:40","guid":{"rendered":"http:\/\/praxis-petra-keller.de\/?page_id=26"},"modified":"2017-12-28T17:51:42","modified_gmt":"2017-12-28T15:51:42","slug":"preise-und-geschaeftsbedingungen","status":"publish","type":"page","link":"https:\/\/praxis-petra-keller.de\/?page_id=26","title":{"rendered":"Auf ein Wort&#8230;."},"content":{"rendered":"<h1 class=\"western\"><\/h1>\n<h1>&#8230;was f\u00fcr unsere Zusammenarbeit wichtig ist!<\/h1>\n<h5>In der Regel dient ein ausf\u00fchrliches Vorgespr\u00e4ch dem gegenseitigen Kennenlernen. Hier besprechen wir Ihre W\u00fcnsche, Anforderungen und Ziele.<\/h5>\n<h5>Im Anschluss wird gemeinsam entschieden, welche ganz auf Sie pers\u00f6nlich zugeschnittene Ma\u00dfnahme geeignet ist. Termine werden m\u00f6glichst gem\u00e4\u00df Ihren W\u00fcnschen vereinbart. Nach Unterzeichnung einer Therapievereinbarung wird zeitnah mit den Sitzungen begonnen.<\/h5>\n<h5>Alle Inhalte der Beratung und der Therapie unterliegen der gesetzlichen <strong>Schweigepflicht<\/strong>. Pers\u00f6nliche Daten unterliegen dem gesetzlichen Datenschutz. Alle Informationen werden selbstverst\u00e4ndlich streng vertraulich behandelt.<\/h5>\n<h5 class=\"western\" style=\"text-align: left;\">Ich rechne nicht mit der Krankenkasse ab. Leistungen, die von Heilpraktikern erbracht werden, sind ausschlie\u00dflich Privatleistungen. Da wir keine Abrechnungsvertr\u00e4ge mit Krankenkassen haben, erhalten Sie den Vorteil echter Therapiefreiheit. Es gibt keine Einschr\u00e4nkungen durch einen Leistungskatalog oder andere Vorgaben der Krankenkassen und es erfolgt auch kein Eintrag bei der Kasse bez\u00fcglich Diagnosen, Befund und durchgef\u00fchrter Therapiema\u00dfnahmen. Im Rahmen der Geb\u00fchrenordnung f\u00fcr Heilpraktiker (Geb\u00fcH) k\u00f6nnen Krankenkassen Behandlungen bei Heilpraktikern bezuschussen. Wenn Sie einen Vertrag mit einer privaten Krankenkasse abgeschlossen haben, so erkundigen Sie sich bitte eigenst\u00e4ndig, in welchem Rahmen eine Kosten\u00fcbernahme m\u00f6glich ist. Gegebenenfalls k\u00f6nnen Sie die Behandlungskosten auch steuerlich absetzen. Weitere Informationen, erhalten Sie von Ihrem Steuerberater, dem zust\u00e4ndigen Finanzamt oder Fachanw\u00e4lten f\u00fcr Steuerrecht.<\/h5>\n","protected":false},"excerpt":{"rendered":"<p>&#8230;was f\u00fcr unsere Zusammenarbeit wichtig ist! In der Regel dient ein ausf\u00fchrliches Vorgespr\u00e4ch dem gegenseitigen Kennenlernen. Hier besprechen wir Ihre W\u00fcnsche, Anforderungen und Ziele. Im Anschluss wird gemeinsam entschieden, welche ganz auf Sie pers\u00f6nlich zugeschnittene Ma\u00dfnahme geeignet ist. Termine werden m\u00f6glichst gem\u00e4\u00df Ihren W\u00fcnschen vereinbart. Nach Unterzeichnung einer Therapievereinbarung wird zeitnah mit den Sitzungen begonnen. [&hellip;]<\/p>\n","protected":false},"author":1,"featured_media":0,"parent":0,"menu_order":5,"comment_status":"closed","ping_status":"closed","template":"","meta":[],"_links":{"self":[{"href":"https:\/\/praxis-petra-keller.de\/index.php?rest_route=\/wp\/v2\/pages\/26"}],"collection":[{"href":"https:\/\/praxis-petra-keller.de\/index.php?rest_route=\/wp\/v2\/pages"}],"about":[{"href":"https:\/\/praxis-petra-keller.de\/index.php?rest_route=\/wp\/v2\/types\/page"}],"author":[{"embeddable":true,"href":"https:\/\/praxis-petra-keller.de\/index.php?rest_route=\/wp\/v2\/users\/1"}],"replies":[{"embeddable":true,"href":"https:\/\/praxis-petra-keller.de\/index.php?rest_route=%2Fwp%2Fv2%2Fcomments&post=26"}],"version-history":[{"count":16,"href":"https:\/\/praxis-petra-keller.de\/index.php?rest_route=\/wp\/v2\/pages\/26\/revisions"}],"predecessor-version":[{"id":141,"href":"https:\/\/praxis-petra-keller.de\/index.php?rest_route=\/wp\/v2\/pages\/26\/revisions\/141"}],"wp:attachment":[{"href":"https:\/\/praxis-petra-keller.de\/index.php?rest_route=%2Fwp%2Fv2%2Fmedia&parent=26"}],"curies":[{"name":"wp","href":"https:\/\/api.w.org\/{rel}","templated":true}]}}