{"id":4,"date":"2017-06-25T14:46:22","date_gmt":"2017-06-25T12:46:22","guid":{"rendered":"http:\/\/praxis-petra-keller.de\/?page_id=4"},"modified":"2020-05-23T22:10:04","modified_gmt":"2020-05-23T20:10:04","slug":"hypnose","status":"publish","type":"page","link":"https:\/\/praxis-petra-keller.de\/?page_id=4","title":{"rendered":"Hypnose"},"content":{"rendered":"<p><img loading=\"lazy\" class=\"alignnone size-full wp-image-179\" src=\"http:\/\/praxis-petra-keller.de\/wp-f9cb0-content\/uploads\/2017\/12\/siegel-hypnotherapeut.gif\" alt=\"\" width=\"225\" height=\"224\" \/>\u00a0\u00a0\u00a0\u00a0\u00a0\u00a0\u00a0\u00a0\u00a0 <img loading=\"lazy\" class=\"alignnone  wp-image-6\" src=\"http:\/\/praxis-petra-keller.de\/wp-f9cb0-content\/uploads\/2017\/06\/hypnosemaster_4C_@2.jpg\" alt=\"\" width=\"221\" height=\"221\" srcset=\"https:\/\/praxis-petra-keller.de\/wp-f9cb0-content\/uploads\/2017\/06\/hypnosemaster_4C_@2.jpg 280w, https:\/\/praxis-petra-keller.de\/wp-f9cb0-content\/uploads\/2017\/06\/hypnosemaster_4C_@2-150x150.jpg 150w\" sizes=\"(max-width: 221px) 100vw, 221px\" \/><\/p>\n<p>Die Hypnosetherapie ist seit 2006 wissenschaftlich anerkannt durch eine Expertise von Prof. Revensdorf (Universit\u00e4t T\u00fcbingen) mit insgesamt 71 RCT-Studien, an denen 5.000 Patienten teilnahmen.<\/p>\n<p>Hypnose hat sich schon vielfach bew\u00e4hrt bei der Unterst\u00fctzung der Selbstheilungskr\u00e4fte und auch bei folgenden Themen:<\/p>\n<ul>\n<li>\u00c4ngste<\/li>\n<li>Depressionen<\/li>\n<li>Traumata<\/li>\n<li>Psychosomatische St\u00f6rungen<\/li>\n<li>S\u00fcchte<\/li>\n<li>Schlafst\u00f6rungen<\/li>\n<li>Innere Unruhe<\/li>\n<li>Tinitus<\/li>\n<li>Stressabbau<\/li>\n<li>Rauchentw\u00f6hnung<\/li>\n<li>und vieles mehr<\/li>\n<\/ul>\n<p>Hypnose bedarf der Kooperation. Nicht ich mache etwas mit Ihnen, sondern wir beide arbeiten zusammen an Ihrem Anliegen.<\/p>\n<p>Ich durfte bei Herrn Alfred Himmelweis <a href=\"https:\/\/hypnose-experte.de\/\">hypnose-experte.de <\/a><\/p>\n<p>lernen und wende dieses Wissen zum Wohl meiner Klienten erfolgreich an.<\/p>\n<h1><strong>Anamnese und Beratung<\/strong><\/h1>\n<div>\n<p>Hypnose sollte nicht angewendet werden bei Vorliegen von Anfallserkrankungen wie Epilepsie sowie bei Psychosen.\u00a0Im Zweifelsfall entscheidet der Hypnosetherapeut nach der Diagnosestellung, ob eine gefahrlose hypnosetherapeutische Behandlung m\u00f6glich ist.<\/p>\n<\/div>\n","protected":false},"excerpt":{"rendered":"<p>\u00a0\u00a0\u00a0\u00a0\u00a0\u00a0\u00a0\u00a0\u00a0 Die Hypnosetherapie ist seit 2006 wissenschaftlich anerkannt durch eine Expertise von Prof. Revensdorf (Universit\u00e4t T\u00fcbingen) mit insgesamt 71 RCT-Studien, an denen 5.000 Patienten teilnahmen. Hypnose hat sich schon vielfach bew\u00e4hrt bei der Unterst\u00fctzung der Selbstheilungskr\u00e4fte und auch bei folgenden Themen: \u00c4ngste Depressionen Traumata Psychosomatische St\u00f6rungen S\u00fcchte Schlafst\u00f6rungen Innere Unruhe Tinitus Stressabbau Rauchentw\u00f6hnung und vieles [&hellip;]<\/p>\n","protected":false},"author":1,"featured_media":0,"parent":0,"menu_order":4,"comment_status":"closed","ping_status":"closed","template":"","meta":[],"_links":{"self":[{"href":"https:\/\/praxis-petra-keller.de\/index.php?rest_route=\/wp\/v2\/pages\/4"}],"collection":[{"href":"https:\/\/praxis-petra-keller.de\/index.php?rest_route=\/wp\/v2\/pages"}],"about":[{"href":"https:\/\/praxis-petra-keller.de\/index.php?rest_route=\/wp\/v2\/types\/page"}],"author":[{"embeddable":true,"href":"https:\/\/praxis-petra-keller.de\/index.php?rest_route=\/wp\/v2\/users\/1"}],"replies":[{"embeddable":true,"href":"https:\/\/praxis-petra-keller.de\/index.php?rest_route=%2Fwp%2Fv2%2Fcomments&post=4"}],"version-history":[{"count":17,"href":"https:\/\/praxis-petra-keller.de\/index.php?rest_route=\/wp\/v2\/pages\/4\/revisions"}],"predecessor-version":[{"id":201,"href":"https:\/\/praxis-petra-keller.de\/index.php?rest_route=\/wp\/v2\/pages\/4\/revisions\/201"}],"wp:attachment":[{"href":"https:\/\/praxis-petra-keller.de\/index.php?rest_route=%2Fwp%2Fv2%2Fmedia&parent=4"}],"curies":[{"name":"wp","href":"https:\/\/api.w.org\/{rel}","templated":true}]}}