{"id":66,"date":"2017-12-25T16:00:05","date_gmt":"2017-12-25T14:00:05","guid":{"rendered":"http:\/\/praxis-petra-keller.de\/?page_id=66"},"modified":"2020-05-20T17:37:39","modified_gmt":"2020-05-20T15:37:39","slug":"startseite","status":"publish","type":"page","link":"https:\/\/praxis-petra-keller.de\/","title":{"rendered":"Startseite"},"content":{"rendered":"<blockquote>\n<h3 style=\"text-align: left;\">Gib Worte deinem Schmerz: Gram, der nicht<\/h3>\n<h3 class=\"aphorism\" style=\"text-align: left;\">spricht, Pre\u00dft das beladne Herz, bis dass es bricht.<\/h3>\n<p><span style=\"color: #000000;\">&#8222;<\/span><a title=\"Details zum Autor William Shakespeare anzeigen\" href=\"https:\/\/www.aphorismen.de\/autoren\/person\/3448\/William+Shakespeare\"><span style=\"color: #000000;\">William Shakespeare&#8220;<\/span><\/a><\/p><\/blockquote>\n<p>Mit diesen Worten von Shakespeare lade ich Sie ein, sich meine Webseite anzusehen, um mich und meine Arbeit kennenzulernen.<\/p>\n<p>Ich wei\u00df, dass pr\u00e4gende, leidvolle Erlebnisse in der Kinder- oder Jugendzeit zu Denkmustern und Verhaltensweisen f\u00fchren k\u00f6nnen, die eine freie Lebensgestaltung beeintr\u00e4chtigen k\u00f6nnen.<\/p>\n<p>Dadurch sind damals oft wichtige Entwicklungs- und Lernschritte nur teilweise gelungen.<\/p>\n<p>Ich verstehe die Psychotherapie als Befreiung von alten Mustern und als erfreuliche Chance, nicht gelungene Entwicklungsschritte nachzuholen.<\/p>\n<p>Daf\u00fcr habe ich einiges an M\u00f6glichkeiten, um Sie dabei zu unterst\u00fctzen.<\/p>\n<p>Ich begleite Sie gerne!<\/p>\n<p><a href=\"http:\/\/praxis-petra-keller.de\/wp-f9cb0-content\/uploads\/2017\/06\/hypnosemaster_4C_@2.jpg\"><img loading=\"lazy\" class=\"wp-image-6 alignright\" src=\"http:\/\/praxis-petra-keller.de\/wp-f9cb0-content\/uploads\/2017\/06\/hypnosemaster_4C_@2.jpg\" alt=\"\" width=\"129\" height=\"129\" srcset=\"https:\/\/praxis-petra-keller.de\/wp-f9cb0-content\/uploads\/2017\/06\/hypnosemaster_4C_@2.jpg 280w, https:\/\/praxis-petra-keller.de\/wp-f9cb0-content\/uploads\/2017\/06\/hypnosemaster_4C_@2-150x150.jpg 150w\" sizes=\"(max-width: 129px) 100vw, 129px\" \/><\/a><img loading=\"lazy\" class=\"alignnone wp-image-101\" src=\"http:\/\/praxis-petra-keller.de\/wp-f9cb0-content\/uploads\/2017\/12\/Unterschrift25122017-e1514291961291-300x160.jpg\" alt=\"\" width=\"159\" height=\"85\" srcset=\"https:\/\/praxis-petra-keller.de\/wp-f9cb0-content\/uploads\/2017\/12\/Unterschrift25122017-e1514291961291-300x160.jpg 300w, https:\/\/praxis-petra-keller.de\/wp-f9cb0-content\/uploads\/2017\/12\/Unterschrift25122017-e1514291961291.jpg 610w\" sizes=\"(max-width: 159px) 100vw, 159px\" \/><img loading=\"lazy\" class=\"wp-image-179 alignright\" src=\"http:\/\/praxis-petra-keller.de\/wp-f9cb0-content\/uploads\/2017\/12\/siegel-hypnotherapeut.gif\" alt=\"\" width=\"119\" height=\"118\" \/><a href=\"http:\/\/praxis-petra-keller.de\/wp-f9cb0-content\/uploads\/2017\/12\/vfp_logo2.gif\"><img loading=\"lazy\" class=\"wp-image-96 alignright\" src=\"http:\/\/praxis-petra-keller.de\/wp-f9cb0-content\/uploads\/2017\/12\/vfp_logo2-300x300.gif\" alt=\"\" width=\"129\" height=\"129\" srcset=\"https:\/\/praxis-petra-keller.de\/wp-f9cb0-content\/uploads\/2017\/12\/vfp_logo2-300x300.gif 300w, https:\/\/praxis-petra-keller.de\/wp-f9cb0-content\/uploads\/2017\/12\/vfp_logo2-150x150.gif 150w, https:\/\/praxis-petra-keller.de\/wp-f9cb0-content\/uploads\/2017\/12\/vfp_logo2-768x768.gif 768w, https:\/\/praxis-petra-keller.de\/wp-f9cb0-content\/uploads\/2017\/12\/vfp_logo2-1024x1024.gif 1024w, https:\/\/praxis-petra-keller.de\/wp-f9cb0-content\/uploads\/2017\/12\/vfp_logo2-624x624.gif 624w\" sizes=\"(max-width: 129px) 100vw, 129px\" \/><\/a><\/p>\n","protected":false},"excerpt":{"rendered":"<p>Gib Worte deinem Schmerz: Gram, der nicht spricht, Pre\u00dft das beladne Herz, bis dass es bricht. &#8222;William Shakespeare&#8220; Mit diesen Worten von Shakespeare lade ich Sie ein, sich meine Webseite anzusehen, um mich und meine Arbeit kennenzulernen. Ich wei\u00df, dass pr\u00e4gende, leidvolle Erlebnisse in der Kinder- oder Jugendzeit zu Denkmustern und Verhaltensweisen f\u00fchren k\u00f6nnen, die [&hellip;]<\/p>\n","protected":false},"author":1,"featured_media":0,"parent":0,"menu_order":1,"comment_status":"closed","ping_status":"closed","template":"","meta":[],"_links":{"self":[{"href":"https:\/\/praxis-petra-keller.de\/index.php?rest_route=\/wp\/v2\/pages\/66"}],"collection":[{"href":"https:\/\/praxis-petra-keller.de\/index.php?rest_route=\/wp\/v2\/pages"}],"about":[{"href":"https:\/\/praxis-petra-keller.de\/index.php?rest_route=\/wp\/v2\/types\/page"}],"author":[{"embeddable":true,"href":"https:\/\/praxis-petra-keller.de\/index.php?rest_route=\/wp\/v2\/users\/1"}],"replies":[{"embeddable":true,"href":"https:\/\/praxis-petra-keller.de\/index.php?rest_route=%2Fwp%2Fv2%2Fcomments&post=66"}],"version-history":[{"count":16,"href":"https:\/\/praxis-petra-keller.de\/index.php?rest_route=\/wp\/v2\/pages\/66\/revisions"}],"predecessor-version":[{"id":200,"href":"https:\/\/praxis-petra-keller.de\/index.php?rest_route=\/wp\/v2\/pages\/66\/revisions\/200"}],"wp:attachment":[{"href":"https:\/\/praxis-petra-keller.de\/index.php?rest_route=%2Fwp%2Fv2%2Fmedia&parent=66"}],"curies":[{"name":"wp","href":"https:\/\/api.w.org\/{rel}","templated":true}]}}